{"id":572,"date":"2026-05-11T08:45:38","date_gmt":"2026-05-11T06:45:38","guid":{"rendered":"https:\/\/nueva.ibyc.es\/?page_id=572"},"modified":"2026-05-13T10:04:48","modified_gmt":"2026-05-13T08:04:48","slug":"politique-relative-aux-cookies","status":"publish","type":"page","link":"https:\/\/ibyc.es\/fr\/politique-relative-aux-cookies\/","title":{"rendered":"Politique relative aux cookies"},"content":{"rendered":"<p>Nous utilisons des cookies afin de faciliter l\u2019utilisation de notre site web. Les cookies sont de petits fichiers d\u2019information qui permettent d\u2019am\u00e9liorer l\u2019exp\u00e9rience de navigation, de m\u00e9moriser certaines pr\u00e9f\u00e9rences de l\u2019utilisateur, de g\u00e9rer le consentement aux cookies et d\u2019obtenir des informations statistiques sur l\u2019utilisation du site web.<\/p>\n<p>Certains cookies sont strictement n\u00e9cessaires au bon fonctionnement technique du site web. D\u2019autres cookies, tels que les cookies d\u2019analyse, nous aident \u00e0 comprendre comment les utilisateurs interagissent avec le site web afin d\u2019am\u00e9liorer ses contenus et services.<\/p>\n<p>Si vous ne souhaitez pas recevoir de cookies, vous pouvez configurer votre navigateur Internet afin qu\u2019il les supprime du disque dur de votre ordinateur, les bloque ou vous avertisse en cas d\u2019installation. Vous pouvez \u00e9galement g\u00e9rer vos pr\u00e9f\u00e9rences depuis le panneau de configuration des cookies du site web.<\/p>\n<p>Vous pouvez obtenir plus d\u2019informations sur les cookies et leur utilisation sur <a href=\"https:\/\/www.aboutcookies.org\/\" target=\"_blank\" rel=\"noopener\">www.aboutcookies.org<\/a>.<\/p>\n<h2>Les types de cookies que nous utilisons<\/h2>\n<h3>Cookies strictement n\u00e9cessaires<\/h3>\n<p>Ces cookies sont n\u00e9cessaires au bon fonctionnement technique du site web. Ils permettent, entre autres fonctions, de g\u00e9rer le consentement de l\u2019utilisateur et de m\u00e9moriser certaines pr\u00e9f\u00e9rences de base de navigation.<\/p>\n<table>\n<thead>\n<tr>\n<th>Nom<\/th>\n<th>Cookie propre ou de tiers<\/th>\n<th>Domaine<\/th>\n<th>Description<\/th>\n<th>Dur\u00e9e<\/th>\n<\/tr>\n<\/thead>\n<tbody>\n<tr>\n<td>moove_gdpr_popup<\/td>\n<td>Propre<\/td>\n<td>ibyc.es<\/td>\n<td>Cookie utilis\u00e9 par le module de gestion des cookies pour enregistrer les pr\u00e9f\u00e9rences de consentement de l\u2019utilisateur.<\/td>\n<td>Environ 1 an<\/td>\n<\/tr>\n<tr>\n<td>wp-wpml_current_language<\/td>\n<td>Propre<\/td>\n<td>ibyc.es<\/td>\n<td>Cookie fonctionnel\/technique de WPML utilis\u00e9 pour m\u00e9moriser la langue actuelle s\u00e9lectionn\u00e9e par l\u2019utilisateur sur le site web.<\/td>\n<td>Environ 1 jour<\/td>\n<\/tr>\n<\/tbody>\n<\/table>\n<h3>Cookies de navigation ou d\u2019analyse<\/h3>\n<p>Ces cookies permettent d\u2019obtenir des informations statistiques sur l\u2019utilisation du site web par les utilisateurs, telles que les pages visit\u00e9es, la dur\u00e9e de la session ou l\u2019interaction avec le site. Ces informations sont utilis\u00e9es pour analyser et am\u00e9liorer le fonctionnement du site web.<\/p>\n<table>\n<thead>\n<tr>\n<th>Nom<\/th>\n<th>Cookie propre ou de tiers<\/th>\n<th>Domaine<\/th>\n<th>Description<\/th>\n<th>Dur\u00e9e<\/th>\n<\/tr>\n<\/thead>\n<tbody>\n<tr>\n<td>_ga<\/td>\n<td>De tiers<\/td>\n<td>.ibyc.es<\/td>\n<td>Cookie de Google Analytics utilis\u00e9 pour distinguer les utilisateurs et obtenir des statistiques d\u2019utilisation du site web.<\/td>\n<td>Environ 2 ans<\/td>\n<\/tr>\n<tr>\n<td>_ga_L3XZ1SQC2B<\/td>\n<td>De tiers<\/td>\n<td>.ibyc.es<\/td>\n<td>Cookie de Google Analytics 4 utilis\u00e9 pour maintenir l\u2019\u00e9tat de la session et collecter des informations statistiques sur la navigation.<\/td>\n<td>Environ 2 ans<\/td>\n<\/tr>\n<\/tbody>\n<\/table>\n<h3>Cookies fonctionnels<\/h3>\n<p>Les cookies fonctionnels permettent de m\u00e9moriser certaines pr\u00e9f\u00e9rences de l\u2019utilisateur, comme la langue de navigation.<\/p>\n<table>\n<thead>\n<tr>\n<th>Nom<\/th>\n<th>Cookie propre ou de tiers<\/th>\n<th>Domaine<\/th>\n<th>Description<\/th>\n<th>Dur\u00e9e<\/th>\n<\/tr>\n<\/thead>\n<tbody>\n<tr>\n<td>wp-wpml_current_language<\/td>\n<td>Propre<\/td>\n<td>ibyc.es<\/td>\n<td>M\u00e9morise la langue s\u00e9lectionn\u00e9e par l\u2019utilisateur afin d\u2019afficher la version correspondante du site web.<\/td>\n<td>Environ 1 jour<\/td>\n<\/tr>\n<\/tbody>\n<\/table>\n<h3>Cookies de marketing et de suivi<\/h3>\n<p>Aucun cookie de marketing, de publicit\u00e9 comportementale ou de suivi publicitaire n\u2019a actuellement \u00e9t\u00e9 d\u00e9tect\u00e9 sur le site web. Si des outils publicitaires ou de remarketing sont int\u00e9gr\u00e9s, cette politique sera mise \u00e0 jour avec le nom, le domaine, la finalit\u00e9 et la dur\u00e9e des cookies correspondants.<\/p>\n<table>\n<thead>\n<tr>\n<th>Nom<\/th>\n<th>Cookie propre ou de tiers<\/th>\n<th>Domaine<\/th>\n<th>Description<\/th>\n<th>Dur\u00e9e<\/th>\n<\/tr>\n<\/thead>\n<tbody>\n<tr>\n<td>Non d\u00e9tect\u00e9s actuellement<\/td>\n<td>&#8211;<\/td>\n<td>&#8211;<\/td>\n<td>Aucun cookie de marketing ou de suivi publicitaire n\u2019a \u00e9t\u00e9 d\u00e9tect\u00e9 dans l\u2019environnement actuel.<\/td>\n<td>&#8211;<\/td>\n<\/tr>\n<\/tbody>\n<\/table>\n<p>&nbsp;<\/p>\n<h2>Comment g\u00e9rer les cookies sur les ordinateurs<\/h2>\n<p>Vous pouvez restreindre, bloquer ou supprimer les cookies de n\u2019importe quel site web en utilisant votre navigateur.<\/p>\n<p>Le fonctionnement varie selon chaque navigateur. La fonction \u00ab Aide \u00bb vous indiquera comment proc\u00e9der.<\/p>\n<ul>\n<li>Microsoft Edge : <a href=\"https:\/\/support.microsoft.com\/es-es\/windows\/administrar-cookies-en-microsoft-edge-ver-permitir-bloquear-eliminar-y-usar-168dab11-0753-043d-7c16-ede5947fc64d\" target=\"_blank\" rel=\"noopener\">G\u00e9rer les cookies dans Microsoft Edge<\/a><\/li>\n<li>Mozilla Firefox : <a href=\"https:\/\/support.mozilla.org\/es\/kb\/Borrar%20cookies\" target=\"_blank\" rel=\"noopener\">Supprimer les cookies dans Firefox<\/a><\/li>\n<li>Google Chrome : <a href=\"https:\/\/support.google.com\/chrome\/answer\/95647?hl=es\" target=\"_blank\" rel=\"noopener\">Supprimer, activer et g\u00e9rer les cookies dans Chrome<\/a><\/li>\n<li>Safari : <a href=\"https:\/\/support.apple.com\/es-es\/guide\/safari\/sfri11471\/mac\" target=\"_blank\" rel=\"noopener\">G\u00e9rer les cookies dans Safari<\/a><\/li>\n<li>Opera : <a href=\"https:\/\/help.opera.com\/es\/latest\/web-preferences\/\" target=\"_blank\" rel=\"noopener\">Pr\u00e9f\u00e9rences web et cookies dans Opera<\/a><\/li>\n<\/ul>\n<p>Vous pouvez \u00e9galement g\u00e9rer le stockage des cookies dans votre navigateur au moyen d\u2019outils tels que :<\/p>\n<ul>\n<li>Ghostery : <a href=\"https:\/\/www.ghostery.com\/\" target=\"_blank\" rel=\"noopener\">ghostery.com<\/a><\/li>\n<li>Your Online Choices : <a href=\"https:\/\/www.youronlinechoices.com\/es\/\" target=\"_blank\" rel=\"noopener\">youronlinechoices.com\/es<\/a><\/li>\n<\/ul>\n<h2>Comment d\u00e9sactiver les cookies de Google Analytics<\/h2>\n<p>L\u2019utilisateur peut d\u00e9sactiver les cookies de Google Analytics au moyen du module compl\u00e9mentaire de d\u00e9sactivation de Google Analytics pour navigateur.<\/p>\n<p><a href=\"https:\/\/tools.google.com\/dlpage\/gaoptout?hl=fr\" target=\"_blank\" rel=\"noopener\">Module compl\u00e9mentaire de d\u00e9sactivation de Google Analytics pour navigateur<\/a><\/p>\n<p>&nbsp;<\/p>\n","protected":false},"excerpt":{"rendered":"<p>Nous utilisons des cookies afin de faciliter l\u2019utilisation de notre site web. Les cookies sont de petits fichiers d\u2019information qui permettent d\u2019am\u00e9liorer l\u2019exp\u00e9rience de navigation, de m\u00e9moriser certaines pr\u00e9f\u00e9rences de l\u2019utilisateur, de g\u00e9rer le consentement aux cookies et d\u2019obtenir des informations statistiques sur l\u2019utilisation du site web. Certains cookies sont strictement n\u00e9cessaires au bon fonctionnement [&hellip;]<\/p>\n","protected":false},"author":1,"featured_media":0,"parent":0,"menu_order":0,"comment_status":"closed","ping_status":"closed","template":"","meta":{"_et_pb_use_builder":"","_et_pb_old_content":"","_et_gb_content_width":"","footnotes":""},"class_list":["post-572","page","type-page","status-publish","hentry"],"yoast_head":"<!-- This site is optimized with the Yoast SEO plugin v26.6 - https:\/\/yoast.com\/wordpress\/plugins\/seo\/ -->\n<title>Politique relative aux cookies - IBYC (Iberian Yachts Consulting SL)<\/title>\n<meta name=\"robots\" content=\"index, nofollow, max-snippet:-1, max-image-preview:large, max-video-preview:-1\" \/>\n<link rel=\"canonical\" href=\"https:\/\/ibyc.es\/fr\/politique-relative-aux-cookies\/\" \/>\n<meta property=\"og:locale\" content=\"fr_FR\" \/>\n<meta property=\"og:type\" content=\"article\" \/>\n<meta property=\"og:title\" content=\"Politique relative aux cookies - IBYC (Iberian Yachts Consulting SL)\" \/>\n<meta property=\"og:description\" content=\"Nous utilisons des cookies afin de faciliter l\u2019utilisation de notre site web. Les cookies sont de petits fichiers d\u2019information qui permettent d\u2019am\u00e9liorer l\u2019exp\u00e9rience de navigation, de m\u00e9moriser certaines pr\u00e9f\u00e9rences de l\u2019utilisateur, de g\u00e9rer le consentement aux cookies et d\u2019obtenir des informations statistiques sur l\u2019utilisation du site web. Certains cookies sont strictement n\u00e9cessaires au bon fonctionnement [&hellip;]\" \/>\n<meta property=\"og:url\" content=\"https:\/\/ibyc.es\/fr\/politique-relative-aux-cookies\/\" \/>\n<meta property=\"og:site_name\" content=\"IBYC (Iberian Yachts Consulting SL)\" \/>\n<meta property=\"article:modified_time\" content=\"2026-05-13T08:04:48+00:00\" \/>\n<meta name=\"twitter:card\" content=\"summary_large_image\" \/>\n<meta name=\"twitter:label1\" content=\"Dur\u00e9e de lecture estim\u00e9e\" \/>\n\t<meta name=\"twitter:data1\" content=\"3 minutes\" \/>\n<script type=\"application\/ld+json\" class=\"yoast-schema-graph\">{\"@context\":\"https:\/\/schema.org\",\"@graph\":[{\"@type\":\"WebPage\",\"@id\":\"https:\/\/ibyc.es\/fr\/politique-relative-aux-cookies\/\",\"url\":\"https:\/\/ibyc.es\/fr\/politique-relative-aux-cookies\/\",\"name\":\"Politique relative aux cookies - IBYC (Iberian Yachts Consulting SL)\",\"isPartOf\":{\"@id\":\"https:\/\/ibyc.es\/fr\/#website\"},\"datePublished\":\"2026-05-11T06:45:38+00:00\",\"dateModified\":\"2026-05-13T08:04:48+00:00\",\"breadcrumb\":{\"@id\":\"https:\/\/ibyc.es\/fr\/politique-relative-aux-cookies\/#breadcrumb\"},\"inLanguage\":\"fr-FR\",\"potentialAction\":[{\"@type\":\"ReadAction\",\"target\":[\"https:\/\/ibyc.es\/fr\/politique-relative-aux-cookies\/\"]}]},{\"@type\":\"BreadcrumbList\",\"@id\":\"https:\/\/ibyc.es\/fr\/politique-relative-aux-cookies\/#breadcrumb\",\"itemListElement\":[{\"@type\":\"ListItem\",\"position\":1,\"name\":\"Portada\",\"item\":\"https:\/\/ibyc.es\/fr\/\"},{\"@type\":\"ListItem\",\"position\":2,\"name\":\"Politique relative aux cookies\"}]},{\"@type\":\"WebSite\",\"@id\":\"https:\/\/ibyc.es\/fr\/#website\",\"url\":\"https:\/\/ibyc.es\/fr\/\",\"name\":\"IBYC (Iberian Yachts Consulting SL)\",\"description\":\"Consultor\u00eda N\u00e1utica\",\"potentialAction\":[{\"@type\":\"SearchAction\",\"target\":{\"@type\":\"EntryPoint\",\"urlTemplate\":\"https:\/\/ibyc.es\/fr\/?s={search_term_string}\"},\"query-input\":{\"@type\":\"PropertyValueSpecification\",\"valueRequired\":true,\"valueName\":\"search_term_string\"}}],\"inLanguage\":\"fr-FR\"}]}<\/script>\n<!-- \/ Yoast SEO plugin. -->","yoast_head_json":{"title":"Politique relative aux cookies - IBYC (Iberian Yachts Consulting SL)","robots":{"index":"index","follow":"nofollow","max-snippet":"max-snippet:-1","max-image-preview":"max-image-preview:large","max-video-preview":"max-video-preview:-1"},"canonical":"https:\/\/ibyc.es\/fr\/politique-relative-aux-cookies\/","og_locale":"fr_FR","og_type":"article","og_title":"Politique relative aux cookies - IBYC (Iberian Yachts Consulting SL)","og_description":"Nous utilisons des cookies afin de faciliter l\u2019utilisation de notre site web. Les cookies sont de petits fichiers d\u2019information qui permettent d\u2019am\u00e9liorer l\u2019exp\u00e9rience de navigation, de m\u00e9moriser certaines pr\u00e9f\u00e9rences de l\u2019utilisateur, de g\u00e9rer le consentement aux cookies et d\u2019obtenir des informations statistiques sur l\u2019utilisation du site web. Certains cookies sont strictement n\u00e9cessaires au bon fonctionnement [&hellip;]","og_url":"https:\/\/ibyc.es\/fr\/politique-relative-aux-cookies\/","og_site_name":"IBYC (Iberian Yachts Consulting SL)","article_modified_time":"2026-05-13T08:04:48+00:00","twitter_card":"summary_large_image","twitter_misc":{"Dur\u00e9e de lecture estim\u00e9e":"3 minutes"},"schema":{"@context":"https:\/\/schema.org","@graph":[{"@type":"WebPage","@id":"https:\/\/ibyc.es\/fr\/politique-relative-aux-cookies\/","url":"https:\/\/ibyc.es\/fr\/politique-relative-aux-cookies\/","name":"Politique relative aux cookies - IBYC (Iberian Yachts Consulting SL)","isPartOf":{"@id":"https:\/\/ibyc.es\/fr\/#website"},"datePublished":"2026-05-11T06:45:38+00:00","dateModified":"2026-05-13T08:04:48+00:00","breadcrumb":{"@id":"https:\/\/ibyc.es\/fr\/politique-relative-aux-cookies\/#breadcrumb"},"inLanguage":"fr-FR","potentialAction":[{"@type":"ReadAction","target":["https:\/\/ibyc.es\/fr\/politique-relative-aux-cookies\/"]}]},{"@type":"BreadcrumbList","@id":"https:\/\/ibyc.es\/fr\/politique-relative-aux-cookies\/#breadcrumb","itemListElement":[{"@type":"ListItem","position":1,"name":"Portada","item":"https:\/\/ibyc.es\/fr\/"},{"@type":"ListItem","position":2,"name":"Politique relative aux cookies"}]},{"@type":"WebSite","@id":"https:\/\/ibyc.es\/fr\/#website","url":"https:\/\/ibyc.es\/fr\/","name":"IBYC (Iberian Yachts Consulting SL)","description":"Consultor\u00eda N\u00e1utica","potentialAction":[{"@type":"SearchAction","target":{"@type":"EntryPoint","urlTemplate":"https:\/\/ibyc.es\/fr\/?s={search_term_string}"},"query-input":{"@type":"PropertyValueSpecification","valueRequired":true,"valueName":"search_term_string"}}],"inLanguage":"fr-FR"}]}},"_links":{"self":[{"href":"https:\/\/ibyc.es\/fr\/wp-json\/wp\/v2\/pages\/572","targetHints":{"allow":["GET"]}}],"collection":[{"href":"https:\/\/ibyc.es\/fr\/wp-json\/wp\/v2\/pages"}],"about":[{"href":"https:\/\/ibyc.es\/fr\/wp-json\/wp\/v2\/types\/page"}],"author":[{"embeddable":true,"href":"https:\/\/ibyc.es\/fr\/wp-json\/wp\/v2\/users\/1"}],"replies":[{"embeddable":true,"href":"https:\/\/ibyc.es\/fr\/wp-json\/wp\/v2\/comments?post=572"}],"version-history":[{"count":2,"href":"https:\/\/ibyc.es\/fr\/wp-json\/wp\/v2\/pages\/572\/revisions"}],"predecessor-version":[{"id":594,"href":"https:\/\/ibyc.es\/fr\/wp-json\/wp\/v2\/pages\/572\/revisions\/594"}],"wp:attachment":[{"href":"https:\/\/ibyc.es\/fr\/wp-json\/wp\/v2\/media?parent=572"}],"curies":[{"name":"wp","href":"https:\/\/api.w.org\/{rel}","templated":true}]}}