{"id":565,"date":"2026-05-11T08:33:36","date_gmt":"2026-05-11T06:33:36","guid":{"rendered":"https:\/\/nueva.ibyc.es\/?page_id=565"},"modified":"2026-05-11T08:36:47","modified_gmt":"2026-05-11T06:36:47","slug":"avis-juridique","status":"publish","type":"page","link":"https:\/\/ibyc.es\/fr\/avis-juridique\/","title":{"rendered":"Avis juridique"},"content":{"rendered":"<p><em>Le pr\u00e9sent avis l\u00e9gal r\u00e9git l\u2019utilisation du site web <\/em><strong><em>www.ibyc.es<\/em><\/strong><em> (ci-apr\u00e8s, le \u00ab Site Web \u00bb) de <\/em><strong><em>IBERIAN YACHTS CONSULTING, S.L. <\/em><\/strong><em>ayant pour CIF <\/em><strong><em>B98192388 <\/em><\/strong><em>dont le si\u00e8ge est situ\u00e9 \u00e0 <\/em><strong><em>Cl. Dels Furs, 50 -1\u00ba de Gand\u00eda 46701 (Valencia), email info@ibyc.es <\/em><\/strong><em>et inscrite au <\/em><strong><em>Registre du Commerce de VALENCIA Tome 9249, Livre 6532, Folio 158, Section 1, Feuille V- 141154<\/em><\/strong><\/p>\n<p><em><strong>L\u00c9GISLATION<\/strong><\/em><strong><em><br \/>\n<\/em><\/strong><em>De mani\u00e8re g\u00e9n\u00e9rale, les relations entre IBYC, S.L. et les Utilisateurs de ses services t\u00e9l\u00e9matiques, pr\u00e9sents sur ce site web, sont soumises \u00e0 la l\u00e9gislation et \u00e0 la juridiction espagnoles. En particulier, la Loi organique 34\/2002 du 11 juillet relative aux Services de la Soci\u00e9t\u00e9 de l\u2019Information et au Commerce \u00c9lectronique, le R\u00e8glement g\u00e9n\u00e9ral sur la protection des donn\u00e9es de l\u2019Union europ\u00e9enne 2016\/679 du 27 avril 2016 relatif \u00e0 la protection des personnes physiques \u00e0 l\u2019\u00e9gard du traitement des donn\u00e9es personnelles et \u00e0 la libre circulation de ces donn\u00e9es, ainsi que la Loi organique 3\/2018 du 5 d\u00e9cembre relative \u00e0 la Protection des Donn\u00e9es \u00e0 Caract\u00e8re Personnel et \u00e0 la Garantie des Droits Num\u00e9riques. <\/em><\/p>\n<p><em><strong>UTILISATION ET ACC\u00c8S DES UTILISATEURS<\/strong><\/em><\/p>\n<p><em>L\u2019Utilisateur est inform\u00e9, et accepte, que l\u2019acc\u00e8s au pr\u00e9sent site web ne suppose en aucun cas le d\u00e9but d\u2019une relation commerciale avec IBYC, S.L. ou l\u2019un de ses distributeurs.<\/em><\/p>\n<p><em><strong>PROPRI\u00c9T\u00c9 INTELLECTUELLE ET INDUSTRIELLE<\/strong><\/em><\/p>\n<p><em>Les droits de propri\u00e9t\u00e9 intellectuelle du contenu de la page web, son design graphique, les codes, la propri\u00e9t\u00e9, les marques ou signes distinctifs de toute nature, y compris les textes, images, audio et tout autre mat\u00e9riel, sont la propri\u00e9t\u00e9 d\u2019IBYC, S.L.<\/em><\/p>\n<p><em>Leur reproduction, distribution, communication publique, transformation ou toute autre activit\u00e9 pouvant \u00eatre r\u00e9alis\u00e9e avec les contenus de la page web est interdite, m\u00eame en citant les sources, sauf consentement \u00e9crit d\u2019IBYC, S.L.<\/em><\/p>\n<p><em>L\u2019utilisation non autoris\u00e9e des informations de ce site web, ainsi que les pr\u00e9judices pouvant \u00eatre caus\u00e9s aux droits de propri\u00e9t\u00e9 intellectuelle et industrielle de <\/em><strong><em>IBERIAN YACHTS CONSULTING, S.L.<\/em><\/strong><em> peuvent donner lieu \u00e0 l\u2019\u00e9tablissement de responsabilit\u00e9s et m\u00eame \u00e0 l\u2019exercice d\u2019actions l\u00e9gales.<\/em><\/p>\n<p><em><strong>R\u00c9SERVE DE DROITS<\/strong><\/em><\/p>\n<p><em>IBYC, S.L. pourra, lorsqu\u2019elle le jugera opportun, effectuer des corrections, am\u00e9liorations ou modifications de la structure, du design web, ainsi que de toute information contenue sur la page, modifier ou supprimer des produits, les conditions d\u2019acc\u00e8s ou m\u00eame d\u2019utilisation du site web de mani\u00e8re unilat\u00e9rale et sans pr\u00e9avis, sans que cela ne donne lieu ni droit \u00e0 aucune r\u00e9clamation ou indemnisation, ni n\u2019implique la reconnaissance d\u2019une quelconque responsabilit\u00e9.<\/em><\/p>\n<p><em>IBYC, S.L. se r\u00e9serve le droit d\u2019interrompre, de suspendre ou de mettre fin \u00e0 la prestation du service du site web ou de l\u2019un quelconque des services qui le composent.<\/em><\/p>\n<p><em><strong>EXCLUSION DE GARANTIES ET DE RESPONSABILIT\u00c9<\/strong><\/em><\/p>\n<p><em>IBYC, S.L. n\u2019accorde aucune garantie et ne saurait \u00eatre tenue responsable des dommages et pr\u00e9judices de toute nature pouvant d\u00e9couler de :<\/em><\/p>\n<ul>\n<li><em>l\u2019absence de disponibilit\u00e9 et de continuit\u00e9 technique ou du fonctionnement de la page.<\/em><\/li>\n<li><em>l\u2019existence de virus, programmes malveillants ou nuisibles dans les contenus,<\/em><\/li>\n<li><em>l\u2019absence d\u2019utilit\u00e9, d\u2019ad\u00e9quation ou de validit\u00e9 du site web, des services ou des contenus afin de r\u00e9pondre aux besoins, activit\u00e9s ou attentes des utilisateurs.<\/em><\/li>\n<li><em>L\u2019utilisation n\u00e9gligente ou illicite du site web en g\u00e9n\u00e9ral ne respectant pas les r\u00e8gles d\u00e9finies dans le pr\u00e9sent avis l\u00e9gal, la bonne foi ou l\u2019ordre public.<\/em><\/li>\n<li><em>Erreurs<\/em><\/li>\n<\/ul>\n<p><em>En ce qui concerne l\u2019existence d\u2019erreurs ou d\u2019impr\u00e9cisions sur le Site Web, et \u00e9tant donn\u00e9 que les contenus ont \u00e9t\u00e9 r\u00e9dig\u00e9s de bonne foi, celles-ci seront corrig\u00e9es par IBYC, S.L. dans les plus brefs d\u00e9lais et d\u00e8s qu\u2019elle en aura connaissance.<\/em><\/p>\n<p><em><strong>POLITIQUE DE LIENS<\/strong><\/em><\/p>\n<p><em>Le Site Web peut inclure des \u00ab links \u00bb ou liens textuels ou graphiques vers d\u2019autres pages web et contenus situ\u00e9s en dehors du site web. Ceux-ci sont la propri\u00e9t\u00e9 de tiers.<\/em><\/p>\n<p><em>www.ibyc.es utilise ces \u00ab links \u00bb afin de fournir davantage d\u2019informations \u00e0 l\u2019Utilisateur. \u00c9tant donn\u00e9 qu\u2019ils sont totalement \u00e9trangers \u00e0 IBYC, S.L., celle-ci ne saurait en aucun cas \u00eatre tenue responsable des pages web mentionn\u00e9es, de leurs contenus ni des cons\u00e9quences que l\u2019acc\u00e8s \u00e0 ces liens pourrait entra\u00eener pour l\u2019Utilisateur.<\/em><\/p>\n<p><em>De m\u00eame, IBYC, S.L. autorise uniquement les tiers int\u00e9ress\u00e9s \u00e0 \u00e9tablir des \u00ab links \u00bb depuis leurs pages web \u00e0 condition qu\u2019ils respectent les obligations \u00e9tablies dans le pr\u00e9sent Avis L\u00e9gal.<\/em><\/p>\n<p><em>En particulier, le \u00ab link \u00bb doit permettre que le site web s\u2019affiche dans son int\u00e9gralit\u00e9 dans l\u2019\u00e9cran du navigateur sans que les contenus soient affich\u00e9s au moyen de cadres ou \u00ab frames \u00bb. <\/em><\/p>\n<p><em>Nonobstant ce qui pr\u00e9c\u00e8de, IBYC, S.L. se r\u00e9serve le droit d\u2019exiger de ces tiers qu\u2019ils retirent imm\u00e9diatement les \u00ab links \u00bb vers le Site Web lorsqu\u2019elle le jugera opportun.<\/em><\/p>\n<p><em>L\u2019\u00e9tablissement d\u2019un \u00ab link \u00bb n\u2019impliquera en aucun cas l\u2019existence de relations entre le tiers qui l\u2019inclut et IBYC, S.L., ni la connaissance et l\u2019acceptation par IBYC, S.L. des services et contenus propos\u00e9s sur ladite page web.<\/em><\/p>\n<p><em>IBYC, S.L. n\u2019assume aucune responsabilit\u00e9 quant aux dommages et pr\u00e9judices de toute nature pouvant d\u00e9couler de l\u2019acc\u00e8s, de la maintenance, de l\u2019utilisation, de la qualit\u00e9, de la lic\u00e9it\u00e9, de la fiabilit\u00e9, des contenus, informations, communications, opinions, produits, etc., propos\u00e9s sur les sites web qui ne sont pas g\u00e9r\u00e9s par IBYC, S.L.<\/em><\/p>\n<p><em>Les personnes qui se proposent d\u2019\u00e9tablir des hyperliens entre leur page Web et la Page devront observer et respecter les conditions suivantes :<\/em><\/p>\n<p><em>Aucune autorisation pr\u00e9alable ne sera n\u00e9cessaire lorsque l\u2019Hyperlien permet uniquement l\u2019acc\u00e8s \u00e0 la page d\u2019accueil, mais il ne pourra la reproduire d\u2019aucune mani\u00e8re. Toute autre forme d\u2019Hyperlien requerra l\u2019autorisation expresse et sans \u00e9quivoque par \u00e9crit d\u2019IBYC, S.L.<\/em><\/p>\n<p><em>Aucun \u00ab cadre \u00bb (\u00ab frame \u00bb) ne sera cr\u00e9\u00e9 avec les pages Web ni sur les pages Web d\u2019IBYC, S.L.<\/em><\/p>\n<p><em>Aucune manifestation ou indication fausse, inexacte ou offensante ne sera faite concernant IBYC, S.L., ses dirigeants, ses employ\u00e9s ou collaborateurs, ou les personnes mentionn\u00e9es sur la Page pour quelque motif que ce soit, ou les Utilisateurs de la Page, ou les Contenus fournis. <\/em><\/p>\n<p><em>Il ne sera pas d\u00e9clar\u00e9 ni laiss\u00e9 entendre qu\u2019IBYC, S.L. a autoris\u00e9 l\u2019Hyperlien ou qu\u2019elle a supervis\u00e9 ou assum\u00e9 de quelque mani\u00e8re que ce soit les Contenus propos\u00e9s ou mis \u00e0 disposition de la page Web sur laquelle l\u2019Hyperlien est \u00e9tabli. <\/em><\/p>\n<p><em>La page Web sur laquelle l\u2019Hyperlien est \u00e9tabli ne pourra contenir que ce qui est strictement n\u00e9cessaire pour identifier la destination de l\u2019Hyperlien.<\/em><\/p>\n<p><em>La page Web sur laquelle l\u2019Hyperlien est \u00e9tabli ne contiendra pas d\u2019informations ou de contenus illicites, contraires \u00e0 la morale et aux bonnes m\u0153urs g\u00e9n\u00e9ralement accept\u00e9es et \u00e0 l\u2019ordre public, et ne contiendra pas non plus de contenus contraires \u00e0 quelque droit de tiers que ce soit.<\/em><\/p>\n<p><em><strong>COMMUNICATIONS COMMERCIALES ET PROMOTIONNELLES.<\/strong><\/em><\/p>\n<p><em>L\u2019une des finalit\u00e9s du traitement des donn\u00e9es personnelles par IBYC, S.L. consiste en l\u2019envoi de communications commerciales li\u00e9es \u00e0 ses services, promotions ou actualit\u00e9s, par des moyens \u00e9lectroniques \u2014 courrier \u00e9lectronique, WhatsApp, SMS ou autres canaux \u00e9quivalents.<\/em><\/p>\n<p><em>Ces communications pourront \u00eatre envoy\u00e9es :<\/em><\/p>\n<p><em>Sur la base du<\/em><strong><em> consentement<\/em><\/strong><em> de l\u2019Utilisateur lorsque celui-ci aura \u00e9t\u00e9 demand\u00e9 et accord\u00e9 express\u00e9ment.<\/em><br \/>\n<em>Sur la base de <\/em><strong><em>l\u2019int\u00e9r\u00eat l\u00e9gitime<\/em><\/strong><em> d\u2019IBYC, S.L., lorsqu\u2019elles se r\u00e9f\u00e8rent \u00e0 des produits ou services similaires \u00e0 ceux pr\u00e9alablement contract\u00e9s par l\u2019Utilisateur et que celui-ci ne s\u2019est pas oppos\u00e9 \u00e0 leur r\u00e9ception.<\/em><\/p>\n<p><em>\u00c0 tout moment, l\u2019Utilisateur pourra s\u2019opposer au traitement \u00e0 des fins promotionnelles ou r\u00e9voquer son consentement en envoyant un courrier \u00e9lectronique \u00e0 info@ibyc.es avec l\u2019objet *D\u00c9SINSCRIPTION COMMERCIALE*. Il ne sera pas n\u00e9cessaire de fournir de documentation suppl\u00e9mentaire sauf en cas de doute raisonnable sur l\u2019identit\u00e9 du demandeur.<\/em><\/p>\n<p><em><strong>R\u00c9SEAUX SOCIAUX<\/strong><\/em><\/p>\n<p><em>Le pr\u00e9sent site web utilisera des r\u00e9seaux sociaux et des communaut\u00e9s virtuelles, qui seront utilis\u00e9s comme moyens de communication et de promotion des produits et services d\u2019IBYC, S.L. Les r\u00e9seaux sociaux et communaut\u00e9s virtuelles pouvant \u00eatre utilis\u00e9s sont les suivants : Facebook, Instagram, sans pr\u00e9judice de la possibilit\u00e9 d\u2019en utiliser d\u2019autres \u00e0 l\u2019avenir. Les objectifs sp\u00e9cifiques poursuivis par l\u2019utilisation de ces moyens sont le soutien m\u00e9diatique et la diffusion des services d\u2019IBYC, S.L.<\/em><\/p>\n<p><em>Concernant les informations contenues dans les contenus des r\u00e9seaux sociaux, IBYC, S.L. ne saurait en aucun cas \u00eatre tenue responsable de la v\u00e9racit\u00e9, de l\u2019exactitude, de l\u2019ad\u00e9quation, de l\u2019idon\u00e9it\u00e9 et de la mise \u00e0 jour des informations fournies par leur interm\u00e9diaire.<\/em><\/p>\n<p><em>Les contenus \u00e9tablis sur les r\u00e9seaux sociaux sont exclusivement informatifs, raison pour laquelle IBYC, S.L. ne saurait \u00eatre tenue responsable des d\u00e9cisions prises par l\u2019Utilisateur \u00e0 partir de ceux-ci, ni des dommages et pr\u00e9judices caus\u00e9s \u00e0 l\u2019Utilisateur ou \u00e0 des tiers sur la base de ces informations.<\/em><\/p>\n<p><em>IBYC, S.L. s\u2019efforcera de promouvoir la qualit\u00e9 des informations par la correction des erreurs dans les donn\u00e9es re\u00e7ues, ainsi que dans l\u2019administration des sites, et permettra aux utilisateurs tiers de signaler des commentaires offensants et inappropri\u00e9s sans rapport avec les th\u00e8mes trait\u00e9s, des photos publi\u00e9es ou des vid\u00e9os \u00e9galement sans rapport avec les th\u00e8mes auxquels sont destin\u00e9s les r\u00e9seaux sociaux et communaut\u00e9s mentionn\u00e9s.<\/em><\/p>\n<p><em>Dans ces cas, IBYC, S.L., en tant qu\u2019administrateur des r\u00e9seaux, aura le pouvoir de supprimer toute information qui ne correspond pas \u00e0 la qualit\u00e9, \u00e0 l\u2019objet et au bon service informatif et r\u00e9cr\u00e9atif des r\u00e9seaux sociaux. Toutefois, malgr\u00e9 l\u2019intention de garantir la plus haute qualit\u00e9 des contenus, elle ne saurait \u00eatre tenue responsable des informations mentionn\u00e9es.<\/em><\/p>\n<p><em>Il est indiqu\u00e9 que l\u2019acc\u00e8s aux r\u00e9seaux sociaux et communaut\u00e9s utilis\u00e9s par le site web pour les objectifs pr\u00e9c\u00e9demment d\u00e9crits n\u00e9cessite un service \/ une fourniture de la part d\u2019autres prestataires de services de la soci\u00e9t\u00e9 de l\u2019information. IBYC, S.L. ne peut \u00e0 aucun moment \u00eatre tenue responsable de leur fiabilit\u00e9, qualit\u00e9, continuit\u00e9 et fonctionnement, et ne peut donc emp\u00eacher leur suspension, annulation ou inaccessibilit\u00e9 pour des causes \u00e9trang\u00e8res \u00e0 IBYC, S.L.<\/em><\/p>\n<p><em>IBYC, S.L. ne saurait \u00eatre tenue responsable des dommages ou pr\u00e9judices subis par l\u2019Utilisateur pour des raisons provenant de d\u00e9faillances ou de d\u00e9connexions sur les r\u00e9seaux sociaux, pouvant entra\u00eener des pertes d\u2019informations, suspensions, annulations ou interruptions du service pendant sa prestation ou pr\u00e9alablement.<\/em><\/p>\n<p><em>Les r\u00e9seaux sociaux et les communaut\u00e9s peuvent permettre l\u2019acc\u00e8s \u00e0 des liens et \u00e0 d\u2019autres pages web. Conform\u00e9ment \u00e0 la Loi 34\/2002 du 11 juillet relative aux services de la soci\u00e9t\u00e9 de l\u2019information et au commerce \u00e9lectronique, IBYC, S.L. agit en tant que prestataire de services d\u2019interm\u00e9diation ; elle ne sera donc responsable des contenus et services fournis sur les Sites Li\u00e9s que dans la mesure o\u00f9 elle aurait une connaissance effective de leur illic\u00e9it\u00e9 et n\u2019aurait pas agi avec la diligence requise pour les retirer. Si la personne utilisatrice estime que l\u2019un des Sites Li\u00e9s inclut des contenus illicites ou inappropri\u00e9s, elle pourra le communiquer \u00e0 IBYC, S.L. au moyen de l\u2019adresse email indiqu\u00e9e au d\u00e9but du pr\u00e9sent avis l\u00e9gal, IBYC, S.L. proc\u00e9dant diligemment au retrait de ces liens. IBYC, S.L. ne saurait en aucun cas \u00eatre tenue responsable des contenus et services propos\u00e9s sur les Sites Li\u00e9s ; elle ne r\u00e9pond donc pas des dommages caus\u00e9s par leur illic\u00e9it\u00e9, qualit\u00e9, obsolescence, indisponibilit\u00e9, erreur ou inutilit\u00e9.<\/em><\/p>\n<p><em><strong>L\u00c9GISLATION APPLICABLE ET JURIDICTION<\/strong><\/em><\/p>\n<p><em>Les pr\u00e9sentes conditions et modalit\u00e9s seront r\u00e9gies par les normes statutaires et r\u00e9glementaires de la l\u00e9gislation espagnole.<\/em><\/p>\n<p><em>Les parties renoncent express\u00e9ment \u00e0 toute juridiction qui pourrait leur correspondre et acceptent de se soumettre aux Tribunaux et Cours de Gand\u00eda pour la r\u00e9solution des litiges pouvant survenir dans l\u2019interpr\u00e9tation ou l\u2019ex\u00e9cution des pr\u00e9sentes conditions.<\/em><\/p>\n<p>&nbsp;<\/p>\n","protected":false},"excerpt":{"rendered":"<p>Le pr\u00e9sent avis l\u00e9gal r\u00e9git l\u2019utilisation du site web www.ibyc.es (ci-apr\u00e8s, le \u00ab Site Web \u00bb) de IBERIAN YACHTS CONSULTING, S.L. ayant pour CIF B98192388 dont le si\u00e8ge est situ\u00e9 \u00e0 Cl. Dels Furs, 50 -1\u00ba de Gand\u00eda 46701 (Valencia), email info@ibyc.es et inscrite au Registre du Commerce de VALENCIA Tome 9249, Livre 6532, Folio [&hellip;]<\/p>\n","protected":false},"author":1,"featured_media":0,"parent":0,"menu_order":0,"comment_status":"closed","ping_status":"closed","template":"","meta":{"_et_pb_use_builder":"","_et_pb_old_content":"","_et_gb_content_width":"","footnotes":""},"class_list":["post-565","page","type-page","status-publish","hentry"],"yoast_head":"<!-- This site is optimized with the Yoast SEO plugin v26.6 - https:\/\/yoast.com\/wordpress\/plugins\/seo\/ -->\n<title>Avis juridique - IBYC (Iberian Yachts Consulting SL)<\/title>\n<meta name=\"robots\" content=\"index, nofollow, max-snippet:-1, max-image-preview:large, max-video-preview:-1\" \/>\n<link rel=\"canonical\" href=\"https:\/\/ibyc.es\/fr\/avis-juridique\/\" \/>\n<meta property=\"og:locale\" content=\"fr_FR\" \/>\n<meta property=\"og:type\" content=\"article\" \/>\n<meta property=\"og:title\" content=\"Avis juridique - IBYC (Iberian Yachts Consulting SL)\" \/>\n<meta property=\"og:description\" content=\"Le pr\u00e9sent avis l\u00e9gal r\u00e9git l\u2019utilisation du site web www.ibyc.es (ci-apr\u00e8s, le \u00ab Site Web \u00bb) de IBERIAN YACHTS CONSULTING, S.L. ayant pour CIF B98192388 dont le si\u00e8ge est situ\u00e9 \u00e0 Cl. Dels Furs, 50 -1\u00ba de Gand\u00eda 46701 (Valencia), email info@ibyc.es et inscrite au Registre du Commerce de VALENCIA Tome 9249, Livre 6532, Folio [&hellip;]\" \/>\n<meta property=\"og:url\" content=\"https:\/\/ibyc.es\/fr\/avis-juridique\/\" \/>\n<meta property=\"og:site_name\" content=\"IBYC (Iberian Yachts Consulting SL)\" \/>\n<meta property=\"article:modified_time\" content=\"2026-05-11T06:36:47+00:00\" \/>\n<meta name=\"twitter:card\" content=\"summary_large_image\" \/>\n<meta name=\"twitter:label1\" content=\"Dur\u00e9e de lecture estim\u00e9e\" \/>\n\t<meta name=\"twitter:data1\" content=\"9 minutes\" \/>\n<script type=\"application\/ld+json\" class=\"yoast-schema-graph\">{\"@context\":\"https:\/\/schema.org\",\"@graph\":[{\"@type\":\"WebPage\",\"@id\":\"https:\/\/ibyc.es\/fr\/avis-juridique\/\",\"url\":\"https:\/\/ibyc.es\/fr\/avis-juridique\/\",\"name\":\"Avis juridique - IBYC (Iberian Yachts Consulting SL)\",\"isPartOf\":{\"@id\":\"https:\/\/ibyc.es\/fr\/#website\"},\"datePublished\":\"2026-05-11T06:33:36+00:00\",\"dateModified\":\"2026-05-11T06:36:47+00:00\",\"breadcrumb\":{\"@id\":\"https:\/\/ibyc.es\/fr\/avis-juridique\/#breadcrumb\"},\"inLanguage\":\"fr-FR\",\"potentialAction\":[{\"@type\":\"ReadAction\",\"target\":[\"https:\/\/ibyc.es\/fr\/avis-juridique\/\"]}]},{\"@type\":\"BreadcrumbList\",\"@id\":\"https:\/\/ibyc.es\/fr\/avis-juridique\/#breadcrumb\",\"itemListElement\":[{\"@type\":\"ListItem\",\"position\":1,\"name\":\"Portada\",\"item\":\"https:\/\/ibyc.es\/fr\/\"},{\"@type\":\"ListItem\",\"position\":2,\"name\":\"Avis juridique\"}]},{\"@type\":\"WebSite\",\"@id\":\"https:\/\/ibyc.es\/fr\/#website\",\"url\":\"https:\/\/ibyc.es\/fr\/\",\"name\":\"IBYC (Iberian Yachts Consulting SL)\",\"description\":\"Consultor\u00eda N\u00e1utica\",\"potentialAction\":[{\"@type\":\"SearchAction\",\"target\":{\"@type\":\"EntryPoint\",\"urlTemplate\":\"https:\/\/ibyc.es\/fr\/?s={search_term_string}\"},\"query-input\":{\"@type\":\"PropertyValueSpecification\",\"valueRequired\":true,\"valueName\":\"search_term_string\"}}],\"inLanguage\":\"fr-FR\"}]}<\/script>\n<!-- \/ Yoast SEO plugin. -->","yoast_head_json":{"title":"Avis juridique - IBYC (Iberian Yachts Consulting SL)","robots":{"index":"index","follow":"nofollow","max-snippet":"max-snippet:-1","max-image-preview":"max-image-preview:large","max-video-preview":"max-video-preview:-1"},"canonical":"https:\/\/ibyc.es\/fr\/avis-juridique\/","og_locale":"fr_FR","og_type":"article","og_title":"Avis juridique - IBYC (Iberian Yachts Consulting SL)","og_description":"Le pr\u00e9sent avis l\u00e9gal r\u00e9git l\u2019utilisation du site web www.ibyc.es (ci-apr\u00e8s, le \u00ab Site Web \u00bb) de IBERIAN YACHTS CONSULTING, S.L. ayant pour CIF B98192388 dont le si\u00e8ge est situ\u00e9 \u00e0 Cl. Dels Furs, 50 -1\u00ba de Gand\u00eda 46701 (Valencia), email info@ibyc.es et inscrite au Registre du Commerce de VALENCIA Tome 9249, Livre 6532, Folio [&hellip;]","og_url":"https:\/\/ibyc.es\/fr\/avis-juridique\/","og_site_name":"IBYC (Iberian Yachts Consulting SL)","article_modified_time":"2026-05-11T06:36:47+00:00","twitter_card":"summary_large_image","twitter_misc":{"Dur\u00e9e de lecture estim\u00e9e":"9 minutes"},"schema":{"@context":"https:\/\/schema.org","@graph":[{"@type":"WebPage","@id":"https:\/\/ibyc.es\/fr\/avis-juridique\/","url":"https:\/\/ibyc.es\/fr\/avis-juridique\/","name":"Avis juridique - IBYC (Iberian Yachts Consulting SL)","isPartOf":{"@id":"https:\/\/ibyc.es\/fr\/#website"},"datePublished":"2026-05-11T06:33:36+00:00","dateModified":"2026-05-11T06:36:47+00:00","breadcrumb":{"@id":"https:\/\/ibyc.es\/fr\/avis-juridique\/#breadcrumb"},"inLanguage":"fr-FR","potentialAction":[{"@type":"ReadAction","target":["https:\/\/ibyc.es\/fr\/avis-juridique\/"]}]},{"@type":"BreadcrumbList","@id":"https:\/\/ibyc.es\/fr\/avis-juridique\/#breadcrumb","itemListElement":[{"@type":"ListItem","position":1,"name":"Portada","item":"https:\/\/ibyc.es\/fr\/"},{"@type":"ListItem","position":2,"name":"Avis juridique"}]},{"@type":"WebSite","@id":"https:\/\/ibyc.es\/fr\/#website","url":"https:\/\/ibyc.es\/fr\/","name":"IBYC (Iberian Yachts Consulting SL)","description":"Consultor\u00eda N\u00e1utica","potentialAction":[{"@type":"SearchAction","target":{"@type":"EntryPoint","urlTemplate":"https:\/\/ibyc.es\/fr\/?s={search_term_string}"},"query-input":{"@type":"PropertyValueSpecification","valueRequired":true,"valueName":"search_term_string"}}],"inLanguage":"fr-FR"}]}},"_links":{"self":[{"href":"https:\/\/ibyc.es\/fr\/wp-json\/wp\/v2\/pages\/565","targetHints":{"allow":["GET"]}}],"collection":[{"href":"https:\/\/ibyc.es\/fr\/wp-json\/wp\/v2\/pages"}],"about":[{"href":"https:\/\/ibyc.es\/fr\/wp-json\/wp\/v2\/types\/page"}],"author":[{"embeddable":true,"href":"https:\/\/ibyc.es\/fr\/wp-json\/wp\/v2\/users\/1"}],"replies":[{"embeddable":true,"href":"https:\/\/ibyc.es\/fr\/wp-json\/wp\/v2\/comments?post=565"}],"version-history":[{"count":1,"href":"https:\/\/ibyc.es\/fr\/wp-json\/wp\/v2\/pages\/565\/revisions"}],"predecessor-version":[{"id":566,"href":"https:\/\/ibyc.es\/fr\/wp-json\/wp\/v2\/pages\/565\/revisions\/566"}],"wp:attachment":[{"href":"https:\/\/ibyc.es\/fr\/wp-json\/wp\/v2\/media?parent=565"}],"curies":[{"name":"wp","href":"https:\/\/api.w.org\/{rel}","templated":true}]}}