{"id":557,"date":"2025-12-19T08:15:59","date_gmt":"2025-12-19T07:15:59","guid":{"rendered":"https:\/\/nueva.ibyc.es\/?page_id=557"},"modified":"2026-05-11T08:29:51","modified_gmt":"2026-05-11T06:29:51","slug":"politique-de-confidentialite","status":"publish","type":"page","link":"https:\/\/ibyc.es\/fr\/politique-de-confidentialite\/","title":{"rendered":"Politique de confidentialit\u00e9"},"content":{"rendered":"<p style=\"text-align: justify;\"><em><span style=\"font-size: 10.0pt; font-family: 'Arial',sans-serif;\">Aux fins des dispositions du R\u00e8glement g\u00e9n\u00e9ral sur la protection des donn\u00e9es de l\u2019Union europ\u00e9enne 2016\/679 du 27 avril 2016 et de la Loi organique 3\/2018 du 5 d\u00e9cembre relative \u00e0 la protection des donn\u00e9es \u00e0 caract\u00e8re personnel, <\/span><\/em><strong><i><span style=\"font-size: 10.0pt; font-family: 'Arial',sans-serif;\">IBERIAN YACHTS CONSULTING, S.L. <\/span><\/i><\/strong><em><span style=\"font-size: 10.0pt; font-family: 'Arial',sans-serif;\">ayant pour CIF <\/span><\/em><strong><i><span style=\"font-size: 10.0pt; font-family: 'Arial',sans-serif;\">B98192388, ci-apr\u00e8s IBYC, S.L. <\/span><\/i><\/strong><em><span style=\"font-size: 10.0pt; font-family: 'Arial',sans-serif;\">informe l\u2019Utilisateur de l\u2019existence du traitement des donn\u00e9es \u00e0 caract\u00e8re personnel dans le but de g\u00e9rer la relation avec les utilisateurs, clients et clients potentiels pour fournir des informations sur <\/span><\/em><span style=\"font-size: 10.0pt; font-family: 'Arial',sans-serif;\">les services juridiques sp\u00e9cialis\u00e9s en droit maritime et navigation de plaisance, la fiscalit\u00e9 nautique et la gestion fiscale pour les bateaux (conseil fiscal et douanier sp\u00e9cialis\u00e9 dans l\u2019achat-vente, l\u2019importation et l\u2019exploitation de bateaux de plaisance, incluant la planification fiscale, la liquidation des imp\u00f4ts et la gestion des proc\u00e9dures aupr\u00e8s de l\u2019Administration), la gestion et l\u2019immatriculation de bateaux de plaisance (d\u00e9marches, immatriculation et coordination administrative pour les bateaux \u00e0 usage priv\u00e9 ou commercial, avec une couverture nationale et internationale) et le financement nautique pour bateaux de plaisance (solutions de cr\u00e9dit nautique et de leasing pour financer votre bateau dans les principaux pays europ\u00e9ens, avec le soutien d\u2019entit\u00e9s sp\u00e9cialis\u00e9es du secteur) <em><span style=\"font-family: 'Arial',sans-serif;\">et les actualit\u00e9s. <\/span><\/em><\/span><\/p>\n<p style=\"text-align: justify;\"><em><b><span style=\"font-size: 10.0pt; font-family: 'Arial',sans-serif;\">ENVOI ET ENREGISTREMENT DE DONN\u00c9ES \u00c0 CARACT\u00c8RE PERSONNEL<\/span><\/b><\/em><\/p>\n<p style=\"text-align: justify;\"><em><span style=\"font-size: 10.0pt; font-family: 'Arial',sans-serif;\">L\u2019envoi de donn\u00e9es \u00e0 caract\u00e8re personnel est obligatoire pour contacter et recevoir des informations sur les services d\u2019IBYC, S.L.<\/span><\/em><\/p>\n<p style=\"text-align: justify;\"><em><span style=\"font-size: 10.0pt; font-family: 'Arial',sans-serif;\">Le fait de ne pas fournir les donn\u00e9es personnelles demand\u00e9es ou de ne pas accepter la pr\u00e9sente politique de protection des donn\u00e9es rend impossible la r\u00e9ception d\u2019informations sur les services d\u2019IBYC, S.L.<\/span><\/em><\/p>\n<p style=\"text-align: justify;\"><em><span style=\"font-size: 10.0pt; font-family: 'Arial',sans-serif;\">Conform\u00e9ment aux dispositions du R\u00e8glement g\u00e9n\u00e9ral sur la protection des donn\u00e9es de l\u2019Union europ\u00e9enne 2016\/679 du 27 avril 2016 relatif \u00e0 la protection des personnes physiques \u00e0 l\u2019\u00e9gard du traitement des donn\u00e9es personnelles et \u00e0 la libre circulation de ces donn\u00e9es, ainsi que de la Loi organique 3\/2018 du 5 d\u00e9cembre relative \u00e0 la protection des donn\u00e9es \u00e0 caract\u00e8re personnel, nous vous informons que les donn\u00e9es personnelles obtenues \u00e0 la suite de l\u2019envoi de vos donn\u00e9es personnelles feront l\u2019objet d\u2019un traitement par <\/span><\/em><strong><i><span style=\"font-size: 10.0pt; font-family: 'Arial',sans-serif;\">IBERIAN YACHTS CONSULTING, S.L.<\/span><\/i><\/strong><em><span style=\"font-size: 10.0pt; font-family: 'Arial',sans-serif;\"> dont le si\u00e8ge est situ\u00e9 \u00e0<\/span><\/em><strong><i><span style=\"font-size: 10.0pt; font-family: 'Arial',sans-serif;\"> Cl. Dels Furs, 50 -1\u00ba de Gand\u00eda 46701 (Valencia),<\/span><\/i><\/strong><em><span style=\"font-size: 10.0pt; font-family: 'Arial',sans-serif;\"> ayant mis en \u0153uvre les mesures de s\u00e9curit\u00e9 n\u00e9cessaires pour garantir la confidentialit\u00e9.<\/span><\/em><\/p>\n<p style=\"text-align: justify;\"><em><b><span style=\"font-size: 10.0pt; font-family: 'Arial',sans-serif;\">EXACTITUDE ET V\u00c9RACIT\u00c9 DES DONN\u00c9ES FOURNIES<\/span><\/b><\/em><\/p>\n<p style=\"text-align: justify;\"><em><span style=\"font-size: 10.0pt; font-family: 'Arial',sans-serif;\">L\u2019Utilisateur qui envoie les informations \u00e0 IBYC, S.L. est seul responsable de la v\u00e9racit\u00e9 et de l\u2019exactitude des donn\u00e9es incluses, IBYC, S.L. \u00e9tant exon\u00e9r\u00e9e de toute responsabilit\u00e9 \u00e0 cet \u00e9gard.<\/span><\/em><\/p>\n<p style=\"text-align: justify;\"><em><span style=\"font-size: 10.0pt; font-family: 'Arial',sans-serif;\">Les utilisateurs garantissent et r\u00e9pondent, dans tous les cas, de l\u2019exactitude, de la validit\u00e9 et de l\u2019authenticit\u00e9 des donn\u00e9es personnelles fournies, et s\u2019engagent \u00e0 les maintenir d\u00fbment \u00e0 jour.<\/span><\/em><\/p>\n<p style=\"text-align: justify;\"><em><span style=\"font-size: 10.0pt; font-family: 'Arial',sans-serif;\">L\u2019utilisateur accepte de fournir des informations compl\u00e8tes et correctes dans le formulaire d\u2019inscription ou d\u2019abonnement.<\/span><\/em><\/p>\n<p style=\"text-align: justify;\"><em><span style=\"font-size: 10.0pt; font-family: 'Arial',sans-serif;\">IBYC, S.L. ne r\u00e9pond pas de la v\u00e9racit\u00e9 des informations qui ne sont pas \u00e9labor\u00e9es par elle et pour lesquelles une autre source est indiqu\u00e9e ; elle n\u2019assume donc aucune responsabilit\u00e9 quant aux \u00e9ventuels pr\u00e9judices qui pourraient d\u00e9couler de l\u2019utilisation de ces informations.<\/span><\/em><\/p>\n<p style=\"text-align: justify;\"><em><span style=\"font-size: 10.0pt; font-family: 'Arial',sans-serif;\">IBYC, S.L. est exon\u00e9r\u00e9e de toute responsabilit\u00e9 en cas de dommage ou pr\u00e9judice que l\u2019Utilisateur pourrait subir du fait d\u2019erreurs, de d\u00e9fauts ou d\u2019omissions dans les informations fournies par IBYC, S.L., \u00e0 condition qu\u2019elles proviennent de sources ext\u00e9rieures \u00e0 IBYC, S.L.<\/span><\/em><\/p>\n<p style=\"text-align: justify;\"><em><b><span style=\"font-size: 10.0pt; font-family: 'Arial',sans-serif;\">FINALIT\u00c9S<\/span><\/b><\/em><span style=\"font-size: 10.0pt; font-family: 'Arial',sans-serif;\"><br \/>\n<em><span style=\"font-family: 'Arial',sans-serif;\">Les finalit\u00e9s du traitement des donn\u00e9es sont la fourniture d\u2019informations sur <\/span><\/em>les services juridiques sp\u00e9cialis\u00e9s en droit maritime et navigation de plaisance, la fiscalit\u00e9 nautique et la gestion fiscale pour les bateaux (conseil fiscal et douanier sp\u00e9cialis\u00e9 dans l\u2019achat-vente, l\u2019importation et l\u2019exploitation de bateaux de plaisance, incluant la planification fiscale, la liquidation des imp\u00f4ts et la gestion des proc\u00e9dures aupr\u00e8s de l\u2019Administration), la gestion et l\u2019immatriculation de bateaux de plaisance (d\u00e9marches, immatriculation et coordination administrative pour les bateaux \u00e0 usage priv\u00e9 ou commercial, avec une couverture nationale et internationale) et le financement nautique pour bateaux de plaisance (solutions de cr\u00e9dit nautique et de leasing pour financer votre bateau dans les principaux pays europ\u00e9ens, avec le soutien d\u2019entit\u00e9s sp\u00e9cialis\u00e9es du secteur)<em><span style=\"font-family: 'Arial',sans-serif;\"> ; ainsi que la prise de contact ult\u00e9rieure avec la personne utilisatrice d\u2019IBYC, S.L. <\/span><\/em><\/span><\/p>\n<p style=\"text-align: justify;\"><em><b><span style=\"font-size: 10.0pt; font-family: 'Arial',sans-serif;\">COMMUNICATION DE DONN\u00c9ES \u00c0 DES TIERS<\/span><\/b><\/em><\/p>\n<p style=\"text-align: justify;\"><em><span style=\"font-size: 10.0pt; font-family: 'Arial',sans-serif;\">IBYC, S.L. ne communiquera pas les donn\u00e9es des utilisateurs \u00e0 des tiers. Toutefois, dans le cas o\u00f9 elles seraient c\u00e9d\u00e9es \u00e0 une entreprise, une information pr\u00e9alable \u00e0 la collecte serait fournie en sollicitant le consentement expr\u00e8s de la personne concern\u00e9e.<\/span><\/em><\/p>\n<p style=\"text-align: justify;\"><em><b><span style=\"font-size: 10.0pt; font-family: 'Arial',sans-serif;\">EXERCICE DES DROITS <\/span><\/b><\/em><\/p>\n<p style=\"text-align: justify;\"><em><span style=\"font-size: 10.0pt; font-family: 'Arial',sans-serif;\">Acc\u00e8s, Rectification, Suppression et Opposition, Limitation du Traitement, Portabilit\u00e9 des Donn\u00e9es (art. 15, 16, 17, 18, 19, 20, 21, 22 et 23 RGPD, art. 12, 13, 14, 15, 16, 17, 18, 93, 94 et 95 LOPDGDD)<\/span><\/em><\/p>\n<p style=\"text-align: justify;\"><em><span style=\"font-size: 10.0pt; font-family: 'Arial',sans-serif;\">Vous pourrez adresser vos communications, r\u00e9voquer le consentement donn\u00e9 et exercer le droit d\u2019acc\u00e8s \u00e0 vos donn\u00e9es personnelles en obtenant une copie de celles-ci. Le droit de rectification des donn\u00e9es inexactes ou incompl\u00e8tes. Le droit de suppression de vos donn\u00e9es personnelles. Le droit de retrait de vos donn\u00e9es personnelles de son site web. Le droit d\u2019opposition au traitement de vos donn\u00e9es personnelles. Le droit \u00e0 la limitation du traitement de vos donn\u00e9es personnelles. Et le droit \u00e0 la portabilit\u00e9 de vos donn\u00e9es personnelles automatis\u00e9es par courrier : adress\u00e9 \u00e0 IBERIAN YACHTS CONSULTING, S.L., Cl. Dels Furs, 50 -1\u00ba de Gand\u00eda 46701 (Valencia). Pour exercer ces droits et conform\u00e9ment \u00e0 l\u2019Instruction 1\/1998 du 19 janvier de l\u2019Agence espagnole de protection des donn\u00e9es, il est n\u00e9cessaire que vous prouviez votre identit\u00e9 aupr\u00e8s d\u2019IBYC, S.L. par l\u2019envoi de tout moyen valable en droit.<\/span><\/em><\/p>\n<p style=\"text-align: justify;\"><em><span style=\"font-size: 10.0pt; font-family: 'Arial',sans-serif;\">Les personnes concern\u00e9es ont le droit d\u2019introduire une r\u00e9clamation aupr\u00e8s de l\u2019autorit\u00e9 de contr\u00f4le.<\/span><\/em><\/p>\n<p style=\"text-align: justify;\"><em><b><span style=\"font-size: 10.0pt; font-family: 'Arial',sans-serif;\">D\u00c9LAI DE CONSERVATION DES DONN\u00c9ES<\/span><\/b><\/em><\/p>\n<p style=\"text-align: justify;\"><em><span style=\"font-size: 10.0pt; font-family: 'Arial',sans-serif;\">Les donn\u00e9es personnelles de la personne utilisatrice seront trait\u00e9es activement tant qu\u2019elle conservera la qualit\u00e9 d\u2019Utilisateur de www.ibyc.es ; c\u2019est-\u00e0-dire tant qu\u2019elle ne r\u00e9voquera pas son consentement ou n\u2019exercera pas son droit d\u2019annulation, de suppression ou d\u2019opposition \u00e0 une finalit\u00e9 concr\u00e8te.<\/span><\/em><\/p>\n<p style=\"text-align: justify;\"><em><span style=\"font-size: 10.0pt; font-family: 'Arial',sans-serif;\">En cas de r\u00e9vocation de son consentement ou d\u2019exercice des droits d\u2019annulation ou de suppression, ses donn\u00e9es seront bloqu\u00e9es et conserv\u00e9es de mani\u00e8re restreinte \u00e0 la disposition des autorit\u00e9s comp\u00e9tentes pendant une p\u00e9riode de 3 ans afin de r\u00e9pondre aux \u00e9ventuelles responsabilit\u00e9s n\u00e9es du traitement.<\/span><\/em><\/p>\n<p style=\"text-align: justify;\"><strong><i><span style=\"font-size: 10.0pt; font-family: 'Arial',sans-serif;\">L\u00c9GITIMATION POUR LE TRAITEMENT DES DONN\u00c9ES<\/span><\/i><\/strong><\/p>\n<p style=\"text-align: justify;\"><em><span style=\"font-size: 10.0pt; font-family: 'Arial',sans-serif;\">L\u2019inscription sur www.ibyc.es est libre et volontaire pour l\u2019Utilisateur ; par cons\u00e9quent, la base l\u00e9gale du traitement de ses donn\u00e9es personnelles est son consentement.<\/span><\/em><\/p>\n<p style=\"text-align: justify;\"><em><b><span style=\"font-size: 10.0pt; font-family: 'Arial',sans-serif;\">ACCEPTATION ET CONSENTEMENT<\/span><\/b><\/em><\/p>\n<p style=\"text-align: justify;\"><em><span style=\"font-size: 10.0pt; font-family: 'Arial',sans-serif;\">L\u2019utilisation du site web vous conf\u00e8re la qualit\u00e9 d\u2019utilisateur de celui-ci, ci-apr\u00e8s l\u2019\u00ab Utilisateur \u00bb, et implique l\u2019acceptation pleine et sans r\u00e9serve de chacune des dispositions incluses dans les conditions relatives \u00e0 la protection des donn\u00e9es \u00e0 caract\u00e8re personnel, en acceptant et en consentant au traitement de celles-ci par www.ibyc.es, dans la forme et aux fins indiqu\u00e9es dans la pr\u00e9sente Politique de Protection des Donn\u00e9es Personnelles, dans la version publi\u00e9e par le \u00ab site web \u00bb au moment m\u00eame o\u00f9 l\u2019Utilisateur y acc\u00e8de. Par cons\u00e9quent, il incombe \u00e0 l\u2019Utilisateur de lire attentivement le pr\u00e9sent avis l\u00e9gal chaque fois qu\u2019il utilise le Site Web, celui-ci pouvant faire l\u2019objet de modifications.<\/span><\/em><\/p>\n<p style=\"text-align: justify;\"><em><span style=\"font-size: 10.0pt; font-family: 'Arial',sans-serif;\">En ce qui concerne l\u2019offre de services de la soci\u00e9t\u00e9 de l\u2019information directement \u00e0 un mineur, le traitement des donn\u00e9es personnelles sera licite lorsque celui-ci est \u00e2g\u00e9 de plus de 14 ans en vertu de la loi 3\/2018 du 5 d\u00e9cembre 2018. Lorsque l\u2019enfant est mineur, ce traitement ne sera l\u00e9gal que si le titulaire de la responsabilit\u00e9 parentale sur l\u2019enfant autorise son consentement, et dans la mesure o\u00f9 il l\u2019autorise.<\/span><\/em><\/p>\n<p style=\"text-align: justify;\"><em><b><span style=\"font-size: 10.0pt; font-family: 'Arial',sans-serif;\">MESURES DE S\u00c9CURIT\u00c9 INFORMATIQUE <\/span><\/b><\/em><\/p>\n<p style=\"text-align: justify;\"><em><span style=\"font-size: 10.0pt; font-family: 'Arial',sans-serif;\">IBYC, S.L. a adopt\u00e9 les niveaux de s\u00e9curit\u00e9 de protection des Donn\u00e9es Personnelles requis pour garantir la confidentialit\u00e9 des donn\u00e9es. Toutefois, nous disposons d\u2019autres moyens suppl\u00e9mentaires, tels que des pare-feu de derni\u00e8re g\u00e9n\u00e9ration, en plus de mesures techniques comme des logiciels de chiffrement des informations confidentielles et de contr\u00f4le d\u2019acc\u00e8s aux informations \u00e0 caract\u00e8re personnel, des utilisateurs restreints, des politiques de s\u00e9curit\u00e9, des utilisateurs et mots de passe qui expirent conform\u00e9ment aux exigences de la LOPD, ainsi que d\u2019autres syst\u00e8mes visant \u00e0 \u00e9viter la mauvaise utilisation, l\u2019alt\u00e9ration, l\u2019acc\u00e8s non autoris\u00e9 et le vol des Donn\u00e9es Personnelles fournies \u00e0 IBYC, S.L.<\/span><\/em><\/p>\n<p style=\"text-align: justify;\"><em><span style=\"font-size: 10.0pt; font-family: 'Arial',sans-serif;\">IBYC, S.L. ne sera pas responsable des \u00e9ventuels dommages ou pr\u00e9judices pouvant d\u00e9couler d\u2019interf\u00e9rences, d\u2019omissions, d\u2019interruptions, de virus informatiques, de pannes t\u00e9l\u00e9phoniques ou de d\u00e9connexions dans le fonctionnement op\u00e9rationnel de ce syst\u00e8me \u00e9lectronique, motiv\u00e9es par des causes \u00e9trang\u00e8res \u00e0 IBYC, S.L. ; de retards ou de blocages dans l\u2019utilisation du pr\u00e9sent syst\u00e8me \u00e9lectronique caus\u00e9s par des d\u00e9ficiences ou des surcharges des lignes t\u00e9l\u00e9phoniques ou des surcharges du C.P.D. (Centre de Traitement des Donn\u00e9es), du syst\u00e8me Internet ou d\u2019autres syst\u00e8mes \u00e9lectroniques, ainsi que des dommages pouvant \u00eatre caus\u00e9s par des tiers au moyen d\u2019intrusions ill\u00e9gitimes \u00e9chappant au contr\u00f4le d\u2019IBYC, S.L.<\/span><\/em><\/p>\n<p>&nbsp;<\/p>\n","protected":false},"excerpt":{"rendered":"<p>Aux fins des dispositions du R\u00e8glement g\u00e9n\u00e9ral sur la protection des donn\u00e9es de l\u2019Union europ\u00e9enne 2016\/679 du 27 avril 2016 et de la Loi organique 3\/2018 du 5 d\u00e9cembre relative \u00e0 la protection des donn\u00e9es \u00e0 caract\u00e8re personnel, IBERIAN YACHTS CONSULTING, S.L. ayant pour CIF B98192388, ci-apr\u00e8s IBYC, S.L. informe l\u2019Utilisateur de l\u2019existence du traitement [&hellip;]<\/p>\n","protected":false},"author":1,"featured_media":0,"parent":0,"menu_order":0,"comment_status":"closed","ping_status":"open","template":"","meta":{"_et_pb_use_builder":"","_et_pb_old_content":"","_et_gb_content_width":"","footnotes":""},"class_list":["post-557","page","type-page","status-publish","hentry"],"yoast_head":"<!-- This site is optimized with the Yoast SEO plugin v26.6 - https:\/\/yoast.com\/wordpress\/plugins\/seo\/ -->\n<title>Politique de confidentialit\u00e9 - IBYC (Iberian Yachts Consulting SL)<\/title>\n<meta name=\"robots\" content=\"index, nofollow, max-snippet:-1, max-image-preview:large, max-video-preview:-1\" \/>\n<link rel=\"canonical\" href=\"https:\/\/ibyc.es\/fr\/politique-de-confidentialite\/\" \/>\n<meta property=\"og:locale\" content=\"fr_FR\" \/>\n<meta property=\"og:type\" content=\"article\" \/>\n<meta property=\"og:title\" content=\"Politique de confidentialit\u00e9 - IBYC (Iberian Yachts Consulting SL)\" \/>\n<meta property=\"og:description\" content=\"Aux fins des dispositions du R\u00e8glement g\u00e9n\u00e9ral sur la protection des donn\u00e9es de l\u2019Union europ\u00e9enne 2016\/679 du 27 avril 2016 et de la Loi organique 3\/2018 du 5 d\u00e9cembre relative \u00e0 la protection des donn\u00e9es \u00e0 caract\u00e8re personnel, IBERIAN YACHTS CONSULTING, S.L. ayant pour CIF B98192388, ci-apr\u00e8s IBYC, S.L. informe l\u2019Utilisateur de l\u2019existence du traitement [&hellip;]\" \/>\n<meta property=\"og:url\" content=\"https:\/\/ibyc.es\/fr\/politique-de-confidentialite\/\" \/>\n<meta property=\"og:site_name\" content=\"IBYC (Iberian Yachts Consulting SL)\" \/>\n<meta property=\"article:modified_time\" content=\"2026-05-11T06:29:51+00:00\" \/>\n<meta name=\"twitter:card\" content=\"summary_large_image\" \/>\n<meta name=\"twitter:label1\" content=\"Dur\u00e9e de lecture estim\u00e9e\" \/>\n\t<meta name=\"twitter:data1\" content=\"7 minutes\" \/>\n<script type=\"application\/ld+json\" class=\"yoast-schema-graph\">{\"@context\":\"https:\/\/schema.org\",\"@graph\":[{\"@type\":\"WebPage\",\"@id\":\"https:\/\/ibyc.es\/fr\/politique-de-confidentialite\/\",\"url\":\"https:\/\/ibyc.es\/fr\/politique-de-confidentialite\/\",\"name\":\"Politique de confidentialit\u00e9 - IBYC (Iberian Yachts Consulting SL)\",\"isPartOf\":{\"@id\":\"https:\/\/ibyc.es\/fr\/#website\"},\"datePublished\":\"2025-12-19T07:15:59+00:00\",\"dateModified\":\"2026-05-11T06:29:51+00:00\",\"breadcrumb\":{\"@id\":\"https:\/\/ibyc.es\/fr\/politique-de-confidentialite\/#breadcrumb\"},\"inLanguage\":\"fr-FR\",\"potentialAction\":[{\"@type\":\"ReadAction\",\"target\":[\"https:\/\/ibyc.es\/fr\/politique-de-confidentialite\/\"]}]},{\"@type\":\"BreadcrumbList\",\"@id\":\"https:\/\/ibyc.es\/fr\/politique-de-confidentialite\/#breadcrumb\",\"itemListElement\":[{\"@type\":\"ListItem\",\"position\":1,\"name\":\"Portada\",\"item\":\"https:\/\/ibyc.es\/fr\/\"},{\"@type\":\"ListItem\",\"position\":2,\"name\":\"Politique de confidentialit\u00e9\"}]},{\"@type\":\"WebSite\",\"@id\":\"https:\/\/ibyc.es\/fr\/#website\",\"url\":\"https:\/\/ibyc.es\/fr\/\",\"name\":\"IBYC (Iberian Yachts Consulting SL)\",\"description\":\"Consultor\u00eda N\u00e1utica\",\"potentialAction\":[{\"@type\":\"SearchAction\",\"target\":{\"@type\":\"EntryPoint\",\"urlTemplate\":\"https:\/\/ibyc.es\/fr\/?s={search_term_string}\"},\"query-input\":{\"@type\":\"PropertyValueSpecification\",\"valueRequired\":true,\"valueName\":\"search_term_string\"}}],\"inLanguage\":\"fr-FR\"}]}<\/script>\n<!-- \/ Yoast SEO plugin. -->","yoast_head_json":{"title":"Politique de confidentialit\u00e9 - IBYC (Iberian Yachts Consulting SL)","robots":{"index":"index","follow":"nofollow","max-snippet":"max-snippet:-1","max-image-preview":"max-image-preview:large","max-video-preview":"max-video-preview:-1"},"canonical":"https:\/\/ibyc.es\/fr\/politique-de-confidentialite\/","og_locale":"fr_FR","og_type":"article","og_title":"Politique de confidentialit\u00e9 - IBYC (Iberian Yachts Consulting SL)","og_description":"Aux fins des dispositions du R\u00e8glement g\u00e9n\u00e9ral sur la protection des donn\u00e9es de l\u2019Union europ\u00e9enne 2016\/679 du 27 avril 2016 et de la Loi organique 3\/2018 du 5 d\u00e9cembre relative \u00e0 la protection des donn\u00e9es \u00e0 caract\u00e8re personnel, IBERIAN YACHTS CONSULTING, S.L. ayant pour CIF B98192388, ci-apr\u00e8s IBYC, S.L. informe l\u2019Utilisateur de l\u2019existence du traitement [&hellip;]","og_url":"https:\/\/ibyc.es\/fr\/politique-de-confidentialite\/","og_site_name":"IBYC (Iberian Yachts Consulting SL)","article_modified_time":"2026-05-11T06:29:51+00:00","twitter_card":"summary_large_image","twitter_misc":{"Dur\u00e9e de lecture estim\u00e9e":"7 minutes"},"schema":{"@context":"https:\/\/schema.org","@graph":[{"@type":"WebPage","@id":"https:\/\/ibyc.es\/fr\/politique-de-confidentialite\/","url":"https:\/\/ibyc.es\/fr\/politique-de-confidentialite\/","name":"Politique de confidentialit\u00e9 - IBYC (Iberian Yachts Consulting SL)","isPartOf":{"@id":"https:\/\/ibyc.es\/fr\/#website"},"datePublished":"2025-12-19T07:15:59+00:00","dateModified":"2026-05-11T06:29:51+00:00","breadcrumb":{"@id":"https:\/\/ibyc.es\/fr\/politique-de-confidentialite\/#breadcrumb"},"inLanguage":"fr-FR","potentialAction":[{"@type":"ReadAction","target":["https:\/\/ibyc.es\/fr\/politique-de-confidentialite\/"]}]},{"@type":"BreadcrumbList","@id":"https:\/\/ibyc.es\/fr\/politique-de-confidentialite\/#breadcrumb","itemListElement":[{"@type":"ListItem","position":1,"name":"Portada","item":"https:\/\/ibyc.es\/fr\/"},{"@type":"ListItem","position":2,"name":"Politique de confidentialit\u00e9"}]},{"@type":"WebSite","@id":"https:\/\/ibyc.es\/fr\/#website","url":"https:\/\/ibyc.es\/fr\/","name":"IBYC (Iberian Yachts Consulting SL)","description":"Consultor\u00eda N\u00e1utica","potentialAction":[{"@type":"SearchAction","target":{"@type":"EntryPoint","urlTemplate":"https:\/\/ibyc.es\/fr\/?s={search_term_string}"},"query-input":{"@type":"PropertyValueSpecification","valueRequired":true,"valueName":"search_term_string"}}],"inLanguage":"fr-FR"}]}},"_links":{"self":[{"href":"https:\/\/ibyc.es\/fr\/wp-json\/wp\/v2\/pages\/557","targetHints":{"allow":["GET"]}}],"collection":[{"href":"https:\/\/ibyc.es\/fr\/wp-json\/wp\/v2\/pages"}],"about":[{"href":"https:\/\/ibyc.es\/fr\/wp-json\/wp\/v2\/types\/page"}],"author":[{"embeddable":true,"href":"https:\/\/ibyc.es\/fr\/wp-json\/wp\/v2\/users\/1"}],"replies":[{"embeddable":true,"href":"https:\/\/ibyc.es\/fr\/wp-json\/wp\/v2\/comments?post=557"}],"version-history":[{"count":1,"href":"https:\/\/ibyc.es\/fr\/wp-json\/wp\/v2\/pages\/557\/revisions"}],"predecessor-version":[{"id":558,"href":"https:\/\/ibyc.es\/fr\/wp-json\/wp\/v2\/pages\/557\/revisions\/558"}],"wp:attachment":[{"href":"https:\/\/ibyc.es\/fr\/wp-json\/wp\/v2\/media?parent=557"}],"curies":[{"name":"wp","href":"https:\/\/api.w.org\/{rel}","templated":true}]}}